{"id":1042,"date":"2023-07-28T15:47:41","date_gmt":"2023-07-28T18:47:41","guid":{"rendered":"https:\/\/enpecom.ufpr.br\/?page_id=1042"},"modified":"2025-10-08T13:55:07","modified_gmt":"2025-10-08T16:55:07","slug":"programacao-ic-e-extensao","status":"publish","type":"page","link":"https:\/\/enpecom.ufpr.br\/index.php\/programacao-ic-e-extensao\/","title":{"rendered":"Programa\u00e7\u00e3o IC e Extens\u00e3o"},"content":{"rendered":"\n<p><strong>Confira abaixo a programa\u00e7\u00e3o para a apresenta\u00e7\u00e3o dos trabalhos aprovados na Mostra de Inicia\u00e7\u00e3o Cient\u00edfica e Extens\u00e3o do XIII ENPECOM:<\/strong><\/p>\n\n\n\n<p><strong>TRABALHOS APROVADOS 13\u00ba ENPECOM<\/strong><\/p>\n\n\n\n<p><strong>GT: Inicia\u00e7\u00e3o Cient\u00edfica<\/strong><\/p>\n\n\n\n<p><strong>COORDENADOR: <\/strong>Doutorando Daniel Kei Namise (daniel.namise@gmail.com) e doutorando Leonardo Jos\u00e9 Costa (leojcosta@outlook.com)<\/p>\n\n\n\n<p>Sess\u00e3o I \u2013 IC<\/p>\n\n\n\n<p>Dia: 29\/10\/25<\/p>\n\n\n\n<p>Hor\u00e1rio: 14h \u00e0s 18h<\/p>\n\n\n\n<figure class=\"wp-block-table\"><table><tbody><tr><td>IA generativa e rela\u00e7\u00f5es p\u00fablicas: o que pesquisam os cientistas brasileiros? I Helena Chapiewsky; Profa. Dra. Fabia Ioscote&nbsp;<\/td><\/tr><tr><td>Realidade virtual, experi\u00eancia e engajamento cognitivo: A interatividade nas estrat\u00e9gias de comunica\u00e7\u00e3o das marcas I Arthur Augusto Sch\u00f6n Lima; Sarah de Ara\u00fajo Nascimento; Let\u00edcia Salem Herrmann Lima<\/td><\/tr><tr><td>DESAFIOS E ESTRAT\u00c9GIAS PARA A DIFUS\u00c3O DO CONHECIMENTO CIENT\u00cdFICO: A L\u00d3GICA DIGITAL E A NEUROCI\u00caNCIA COMO FACILITADORES NO REFOR\u00c7O ATENCIONAL E NO ENGAJAMENTO I Maria Vict\u00f3ria Martins; Tiago Letchacovski Wronki; Let\u00edcia Salem Herrmann Lima<\/td><\/tr><tr><td>Egressos de Jornalismo na UFPR (2011-2020): an\u00e1lise de inser\u00e7\u00e3o no mercado profissional jornal\u00edstico e do processo de aprendizagem em tecnologias digitais na gradua\u00e7\u00e3o I Isadora Dias Kovalczuk; Jo\u00e3o Gabriel Nunes Cordeiro; Myrian Regina Del Vecchio de Lima<\/td><\/tr><tr><td>Jornalismo \u201cchapa branca\u201d? As respostas da imprensa paranaense \u00e0 ditadura militar I Pietra Dissenha Hara; Alana Morzelli Siqueira; Milena Hable; Milena Hable; Tha\u00eds de Castro Silva; Ana L\u00edvia Barboza; Ana Clara Osinski; Jos\u00e9 Carlos Fernandes<\/td><\/tr><tr><td>coffee<\/td><\/tr><tr><td>Heraldo Pereira e a invisibilidade negra no telejornalismo brasileiro I Kenson Koskur Coelho; Shayene Ferreira de Jesus; Valqu\u00edria Michela John<\/td><\/tr><tr><td>O TERRIT\u00d3RIO NEGRO NA \u201cCURITIBA BRANCA\u201d: A LINHA PRETA COMO FEN\u00d4MENO COMUNICACIONAL NO COMBATE AO RACISMO I Stephanie da Veiga; Prof. Dr. Wellington Teixeira Lisboa<\/td><\/tr><tr><td>TRAJET\u00d3RIAS PESSOAIS: O RECONHECIMENTO DAS IDENTIDADES NEGRAS E SUAS CONTRIBUI\u00c7\u00d5ES ACAD\u00caMICAS I Isabelle Luana Amorim Moroski; Stefany Xavier Pereira; Prof\u00aa Dr\u00aa Carolina Fernandes da Silva Mandaji<\/td><\/tr><tr><td>PROTAGONISMO, TRAJET\u00d3RIA E PRODU\u00c7\u00c3O DE ARTISTAS MULHERES NA HIST\u00d3RIA DA ARTE PARANAENSE I Naomi Ferrazzo de Souza Santos; Claudia Priori<\/td><\/tr><tr><td>POR TR\u00c1S DE UMA COROA: VEST\u00cdGIOS COMUNICACIONAIS QUE QUESTIONAM O POSICIONAMENTO DO MISS UNIVERSO SOBRE A DIVERSIDADE I Rodrigo Santos; Wellington Lisboa<\/td><\/tr><tr><td>A objetifica\u00e7\u00e3o feminina no universo fighting game: Percep\u00e7\u00f5es, consumo e representa\u00e7\u00f5es I Laura Luiza Gualdezi<\/td><\/tr><\/tbody><\/table><\/figure>\n\n\n\n<p>Sess\u00e3o II \u2013 IC<\/p>\n\n\n\n<p>Dia: 30\/10\/25<\/p>\n\n\n\n<p>Hor\u00e1rio: 14h \u00e0s 18h<\/p>\n\n\n\n<figure class=\"wp-block-table\"><table><tbody><tr><td>DEIXAR A QUIETUDE TOMAR CONTA: UM ESTUDO DA ATEN\u00c7\u00c3O PO\u00c9TICA NO FILME O MOVIMENTO DAS COISAS (1985) I Jo\u00e3o Klimeck Kammer; Beatriz Avila Vasconcelos<\/td><\/tr><tr><td>A LINGU\u00cdSTICA E A FILOSOFIA DA LINGUAGEM EM \u201cOHAYOU\u201d I Jo\u00e3o Pedro Rodriguez Carneiro; Fabia Cristiane Ioscote<\/td><\/tr><tr><td>PRODU\u00c7\u00d5ES AUDIOVISUAIS A SERVI\u00c7O DA CONSTRU\u00c7\u00c3O DA CIDADANIA COMUNICACIONAL EM MOVIMENTOS SOCIAIS I Felipe dos Santos Reis; Gabriela Zadvorne; Giuliano Carbonari Boneti; Dr. Elson Faxina<\/td><\/tr><tr><td>DA SUL, E S\u00d3: ARTICULA\u00c7\u00d5ES COMUNICACIONAIS COMO LUTA PELO LUGAR DO RAP DA ZONA SUL DE CURITIBA I Matheus da Silva Costa; Wellington Teixeira Lisboa<\/td><\/tr><tr><td>ME ENCONTRA NO FRONT: AS INTERA\u00c7\u00d5ES DOS AGENTES COMUNICACIONAIS NO CONTEXTO DAS FESTAS DE M\u00daSICA ELETR\u00d4NICA UNDERDROUND DE CURITIBA I Pedro Henrique Servelo de Freitas; Prof\u00b0 Dr. Wellington Teixeira Lisboa<\/td><\/tr><tr><td>coffee<\/td><\/tr><tr><td>Ficar ou partir? O desafio de contar a hist\u00f3ria dos jovens de uma cidade pequena da RMC I Ana Luiza Costa Halat; Jos\u00e9 Carlos Fernandes<\/td><\/tr><tr><td>extremos desconectados: como as bolhas digitais promovem a polariza\u00e7\u00e3o na comunica\u00e7\u00e3o entre as regi\u00f5es norte e sul do Brasil I Gustavo Aleixo de Sousa; Valqu\u00edria Michela John<\/td><\/tr><tr><td>DISCURSOS E OMISS\u00c3O: UMA AN\u00c1LISE DO SITE INSTITUCIONAL DA VALE NA CONSTRU\u00c7\u00c3O DA MEM\u00d3RIA ORGANIZACIONAL P\u00d3S-DESASTRE DE BRUMADINHO I Paola Fronza Provezi<\/td><\/tr><tr><td>CONSUMO CONSCIENTE? A INTERA\u00c7\u00c3O DOS CONSUMIDORES DE MODA DE BRECH\u00d3 COM ORGANIZA\u00c7\u00d5ES DESTE SEGMENTO EM CURITIBA I Sofia Borges Bueno; Wellington Teixeira Lisboa<\/td><\/tr><tr><td>O EFEITO PRIMING E OS EST\u00cdMULOS NA COMUNICA\u00c7\u00c3O DE MARCA: ESTRAT\u00c9GIAS DE ASSOCIA\u00c7\u00c3O IMPL\u00cdCITA ENTRE MASTERCHEF E IFOOD I Issabella Dutra; Marcella Cordeiro Martins; Wellington Teixeira Lisboa<\/td><\/tr><\/tbody><\/table><\/figure>\n\n\n\n<hr class=\"wp-block-separator has-alpha-channel-opacity\"\/>\n\n\n\n<p><strong>TRABALHOS APROVADOS 13\u00ba ENPECOM<\/strong><\/p>\n\n\n\n<p><strong>GT: Mostra Extens\u00e3o<\/strong><\/p>\n\n\n\n<p><strong>COORDENADORES(AS):&nbsp; <\/strong>Doutorando Andr\u00e9 Luiz Justus Czovny (andrejustusc@gmail.com) e doutoranda Josiany Fiedler Vieira (josianyvieira@yahoo.com.br)<\/p>\n\n\n\n<p>Sess\u00e3o I \u2013 Mostra Extens\u00e3o<\/p>\n\n\n\n<p>Dia: 29\/10\/25<\/p>\n\n\n\n<p>Hor\u00e1rio: 14h \u00e0s 18h<\/p>\n\n\n\n<figure class=\"wp-block-table\"><table><tbody><tr><td>Extens\u00e3o Universit\u00e1ria em Comunica\u00e7\u00e3o e Neuroci\u00eancia: A Experi\u00eancia do Sinapsense Next I Arthur Augusto Sch\u00f6n Lima, Giulia Assis de Carvalho Rafael Bertolli Volz, Profa. Dra. Let\u00edcia Salem Herrmann Lima<\/td><\/tr><tr><td>Entre Ensino, Pesquisa E Extens\u00e3o: A Emerg\u00eancia Do Sapiens E A Forma\u00e7\u00e3o Cient\u00edfica No In\u00edcio Da Gradua\u00e7\u00e3o I Joao Pedro Lana Santos, Jade Ramone Marquart Isfer Maciel, Yasmin Goncalves Zangiski, Giovana Correa De Paula, Nicole Cristine Goll, Raissa Yasmin Alves Da Cruz, Gabriela Mendes Barbosa, Iago Pazianoto Bonifacio, Vitoria Regina Gama Santos, Hertz Wendell de Camargo, Daniele Ferreira Paiva&nbsp;<\/td><\/tr><tr><td>Por Uma Pedagogia Do Ref\u00fagio: Teoria E Pr\u00e1tica Da Educomunica\u00e7\u00e3o Com Crian\u00e7as E Adolescentes Migrantes Do Pbmih Da Ufpr I Juliana Caroline Levandovski, Natali dos Santos Slusarz Schovarts, Isabelle Oliveira Hoffmann, Julio Gabriel Chmik de Castro, Thailine Lopes de Souza da Paz, Camila Ferreira Francisco, Jos\u00e9 Carlos Fernandes&nbsp;<\/td><\/tr><tr><td>coffee<\/td><\/tr><tr><td>&#8220;O Crime N\u00e3o \u00c9 Um Morango&#8221;: Educomunica\u00e7\u00e3o Em Contexto De Socioeduca\u00e7\u00e3o No Cense S\u00e3o Francisco I David Perez Milani, Jos\u00e9 Carlos Fernandes<\/td><\/tr><tr><td>A cidade dos jovens mortos: viol\u00eancia, apagamento e rea\u00e7\u00e3o cidad\u00e3 em document\u00e1rio I Giovani Pereira Sella, Rodrigo Matana Sobrinho, Jos\u00e9 Carlos Fernandes<\/td><\/tr><\/tbody><\/table><\/figure>\n\n\n\n<p>Sess\u00e3o II \u2013 Mostra Extens\u00e3o<\/p>\n\n\n\n<p>Dia: 30\/10\/25<\/p>\n\n\n\n<p>Hor\u00e1rio: 14h \u00e0s 18h<\/p>\n\n\n\n<figure class=\"wp-block-table\"><table><tbody><tr><td>Arquibancadas De Todas As Cores: O Caminhar Das Pesquisas Sobre Torcidas Organizadas De Futebol Lgbtqia+ No Brasil (2013-2025) I Jeniffer Thais Moreira, Wellington Teixeira Lisboa<\/td><\/tr><tr><td>HIV, essa desconhecido: mem\u00f3ria, arquivo e a\u00e7\u00e3o extensionista em torno dos profissionais de sa\u00fade que enfrentaram a epidemia de Aids no Paran\u00e1 nos anos 1980 e 1990 I Kenson Koskur Coelho, Ana Luiza Ramos Moretti Ferreira, Giovana Gama da Cruz, Evelin Vit\u00f3ria de Freitas Silva, Let\u00edcia Manjabosco Steffens, Daniela Beatriz Mila, Jos\u00e9 Carlos Fernandes<\/td><\/tr><tr><td>Acervo E Mem\u00f3ria: An\u00e1lise Da Cobertura Fotojornal\u00edstica Do Fuc E Fenata I Emanuelle Pasqualotto, Jo\u00e3o Pimentel, Larissa Didres, Rafael Schoenherr<\/td><\/tr><tr><td>coffee<\/td><\/tr><tr><td>O Audiovisual Como Registro Da Mem\u00f3ria Popular Nas Lutas Por Moradia&nbsp;I Nicole Ribas Ribeiro, Isabelle Oliveira Hoffmann, Thailine Lopes de Souza da Paz, Elson Faxina, Jos\u00e9 Carlos Fernandes<\/td><\/tr><\/tbody><\/table><\/figure>\n","protected":false},"excerpt":{"rendered":"<p>Confira abaixo a programa\u00e7\u00e3o para a apresenta\u00e7\u00e3o dos trabalhos aprovados na Mostra de Inicia\u00e7\u00e3o Cient\u00edfica e Extens\u00e3o do XIII ENPECOM: TRABALHOS APROVADOS 13\u00ba ENPECOM GT: Inicia\u00e7\u00e3o Cient\u00edfica COORDENADOR: Doutorando Daniel &#8230;<\/p>\n","protected":false},"author":2754,"featured_media":0,"parent":0,"menu_order":0,"comment_status":"closed","ping_status":"closed","template":"","meta":{"footnotes":""},"_links":{"self":[{"href":"https:\/\/enpecom.ufpr.br\/index.php\/wp-json\/wp\/v2\/pages\/1042"}],"collection":[{"href":"https:\/\/enpecom.ufpr.br\/index.php\/wp-json\/wp\/v2\/pages"}],"about":[{"href":"https:\/\/enpecom.ufpr.br\/index.php\/wp-json\/wp\/v2\/types\/page"}],"author":[{"embeddable":true,"href":"https:\/\/enpecom.ufpr.br\/index.php\/wp-json\/wp\/v2\/users\/2754"}],"replies":[{"embeddable":true,"href":"https:\/\/enpecom.ufpr.br\/index.php\/wp-json\/wp\/v2\/comments?post=1042"}],"version-history":[{"count":14,"href":"https:\/\/enpecom.ufpr.br\/index.php\/wp-json\/wp\/v2\/pages\/1042\/revisions"}],"predecessor-version":[{"id":1471,"href":"https:\/\/enpecom.ufpr.br\/index.php\/wp-json\/wp\/v2\/pages\/1042\/revisions\/1471"}],"wp:attachment":[{"href":"https:\/\/enpecom.ufpr.br\/index.php\/wp-json\/wp\/v2\/media?parent=1042"}],"curies":[{"name":"wp","href":"https:\/\/api.w.org\/{rel}","templated":true}]}}