{"id":25,"date":"2018-06-20T15:13:47","date_gmt":"2018-06-20T18:13:47","guid":{"rendered":"https:\/\/enpecom.ufpr.br\/?page_id=25"},"modified":"2018-06-26T20:02:04","modified_gmt":"2018-06-26T23:02:04","slug":"servicos","status":"publish","type":"page","link":"https:\/\/enpecom.ufpr.br\/index.php\/servicos\/","title":{"rendered":"Servi\u00e7os"},"content":{"rendered":"<p><strong>Como chegar a Curitiba<\/strong><\/p>\n<p><img decoding=\"async\" src=\"https:\/\/www.curitiba-travel.com.br\/data\/333\/site_333\/small_museu_oscar_nyemier_2.jpg\" width=\"300\" \/><\/p>\n<p>A cidade de Curitiba est\u00e1 localizada na regi\u00e3o sul do Brasil e \u00e9 a capital do estado do Paran\u00e1. Ela est\u00e1 localizada a 400 km de S\u00e3o Paulo e a 1.440 km de Bras\u00edlia. A principal rota dos turistas para chegar \u00e0 cidade \u00e9 por via a\u00e9rea. O maior aeroporto de Curitiba \u00e9 o Aeroporto Internacional de Curitiba &#8211; Afonso Pena, localizado em S\u00e3o Jos\u00e9 dos Pinhais, a 18 km do centro da cidade. Outros meios para chegar a Curitiba s\u00e3o por via terreste, em \u00f4nibus ou carro.<\/p>\n<p><strong>Chegando em Curitiba de avi\u00e3o<\/strong><\/p>\n<p>Quem optar por chegar de avi\u00e3o contar\u00e1 principalmente com voos direto a partir de S\u00e3o Paulo, Campinas, Rio de Janeiro, Belo Horizonte, Bras\u00edlia, Porto Alegre, Londrina, Foz do Igua\u00e7u, Cascavel, Maring\u00e1 e Campo Grande. N\u00e3o h\u00e1 voo direto de cidades da regi\u00e3o norte e nordeste. Para quem vem dessas localidades, ser\u00e1 necess\u00e1rio fazer escala ou conex\u00e3o. O tempo de voo a partir de S\u00e3o Paulo \u00e9 de apenas uma hora, enquanto de Bras\u00edlia o tempo de voo \u00e9 de 1h55.<\/p>\n<p>H\u00e1 v\u00e1rias op\u00e7\u00f5es para realizar o trajeto entre o Aeroporto Internacional Afonso Pena e os hot\u00e9is em Curitiba. Voc\u00ea poder\u00e1 optar pelo \u00f4nibus comum, \u00f4nibus executivo ou t\u00e1xi. Tudo vai depender do tempo que voc\u00ea tem dispon\u00edvel e de quanto gostaria de gastar. Veja mais sobre\u00a0<a href=\"http:\/\/guia.melhoresdestinos.com.br\/aeroporto-internacional-de-curitiba-afonso-pena-cwb-185-5383-l.html\" target=\"_blank\" rel=\"noopener\">como ir do\u00a0Aeroporto Internacional de Curitiba &#8211; Afonso Pena para o Centro e outros bairros de Curitiba<\/a>.<\/p>\n<p><strong>Chegando em Curitiba de \u00f4nibus<\/strong><\/p>\n<p>\u00c9 grande a oferta de \u00f4nibus para a cidade de Curitiba e pode ser uma boa op\u00e7\u00e3o especialmente para quem mora em localidades pr\u00f3ximas, como S\u00e3o Paulo. O custo m\u00e9dio da passagem entre a capital paulista e Curitiba \u00e9 de R$ 80 e a viagem tem 6h de dura\u00e7\u00e3o.<\/p>\n<p>A <a href=\"http:\/\/www.urbs.curitiba.pr.gov.br\/comunidade\/rodoferroviaria\" target=\"_blank\" rel=\"noopener\">Rodoferrovi\u00e1ria de Curitiba<\/a> tem localiza\u00e7\u00e3o bastante central e facilita muito a vida do viajante. Ela est\u00e1 a apenas 2 km do Centro Hist\u00f3rico e conta com grande oferta de transporte, tanto t\u00e1xi quanto \u00f4nibus. Na Rodoferrovi\u00e1ria, \u00e9 poss\u00edvel ter acesso ao \u00f4nibus <a href=\"http:\/\/www.aeroportoexecutivo.com.br\/\" target=\"_blank\" rel=\"noopener\">Aeroporto Executivo<\/a> e o Linha Turismo, al\u00e9m de linhas comuns urbanas.<\/p>\n<p><strong>Chegando em Curitiba de carro<\/strong><\/p>\n<p>O tr\u00e2nsito em Curitiba n\u00e3o \u00e9 dos piores e para quem mora em regi\u00f5es pr\u00f3ximas pode ser uma boa op\u00e7\u00e3o viajar de carro at\u00e9 a capital paranaense. O trajeto de 400 km a partir de S\u00e3o Paulo tem m\u00e9dia de 5h30 de dura\u00e7\u00e3o.<\/p>\n<p>As principais vias de acesso para Curitiba s\u00e3o: BR 116, liga\u00e7\u00e3o de Curitiba com S\u00e3o Paulo, Santa Catarina e Rio Grande do Sul; BR 376 e BR 101, liga\u00e7\u00e3o com Palho\u00e7a &#8211; SC; e a BR 277, com liga\u00e7\u00e3o com o litoral paranaense.<\/p>\n<p><em>Fonte: Monique Renne\/<a href=\"https:\/\/guia.melhoresdestinos.com.br\/como-chegar-a-curitiba-185-2375-p.html\" target=\"_blank\" rel=\"noopener\">Melhores Destinos<\/a>.<\/em><\/p>\n","protected":false},"excerpt":{"rendered":"<p>Como chegar a Curitiba A cidade de Curitiba est\u00e1 localizada na regi\u00e3o sul do Brasil e \u00e9 a capital do estado do Paran\u00e1. Ela est\u00e1 localizada a 400 km de &#8230;<\/p>\n","protected":false},"author":2,"featured_media":0,"parent":0,"menu_order":0,"comment_status":"closed","ping_status":"closed","template":"","meta":{"footnotes":""},"_links":{"self":[{"href":"https:\/\/enpecom.ufpr.br\/index.php\/wp-json\/wp\/v2\/pages\/25"}],"collection":[{"href":"https:\/\/enpecom.ufpr.br\/index.php\/wp-json\/wp\/v2\/pages"}],"about":[{"href":"https:\/\/enpecom.ufpr.br\/index.php\/wp-json\/wp\/v2\/types\/page"}],"author":[{"embeddable":true,"href":"https:\/\/enpecom.ufpr.br\/index.php\/wp-json\/wp\/v2\/users\/2"}],"replies":[{"embeddable":true,"href":"https:\/\/enpecom.ufpr.br\/index.php\/wp-json\/wp\/v2\/comments?post=25"}],"version-history":[{"count":13,"href":"https:\/\/enpecom.ufpr.br\/index.php\/wp-json\/wp\/v2\/pages\/25\/revisions"}],"predecessor-version":[{"id":187,"href":"https:\/\/enpecom.ufpr.br\/index.php\/wp-json\/wp\/v2\/pages\/25\/revisions\/187"}],"wp:attachment":[{"href":"https:\/\/enpecom.ufpr.br\/index.php\/wp-json\/wp\/v2\/media?parent=25"}],"curies":[{"name":"wp","href":"https:\/\/api.w.org\/{rel}","templated":true}]}}