{"id":599,"date":"2019-11-25T16:49:47","date_gmt":"2019-11-25T19:49:47","guid":{"rendered":"https:\/\/enpecom.ufpr.br\/?page_id=599"},"modified":"2025-10-27T12:18:48","modified_gmt":"2025-10-27T15:18:48","slug":"submissao-ic-extensao","status":"publish","type":"page","link":"https:\/\/enpecom.ufpr.br\/index.php\/submissao-ic-extensao\/","title":{"rendered":"Submiss\u00e3o IC e Extens\u00e3o"},"content":{"rendered":"\n<p class=\"has-text-align-center has-medium-font-size\"><b>REGRAS PARA SUBMISS\u00c3O DE TRABALHOS DE IC E EXTENS\u00c3O<\/b><\/p>\n\n\n\n<p style=\"font-size:14px\"><b>(Trabalhos de inicia\u00e7\u00e3o cient\u00edfica, TCCs e pesquisas<\/b><b><br><\/b><b>realizadas nos grupos de pesquisa ou alinhadas aos projetos de extens\u00e3o)<\/b><\/p>\n\n\n\n<p style=\"font-size:14px\"><span style=\"font-weight: 400;\">Nesta 13\u00aa edi\u00e7\u00e3o do Enpecom ter\u00e1 espa\u00e7o para apresenta\u00e7\u00e3o de trabalhos desenvolvidos por estudantes de gradua\u00e7\u00e3o e rec\u00e9m graduados (gradua\u00e7\u00e3o conclu\u00edda em 2024 ou 2025). <\/span><\/p>\n\n\n\n<p style=\"font-size:14px\"><span style=\"font-weight: 400;\">\u00c9 obrigat\u00f3rio o nome do\/a professor\/a orientador\/a na proposta apresentada, conforme <\/span><i><span style=\"font-weight: 400;\">template <\/span><\/i><span style=\"font-weight: 400;\">do resumo \u2013 <\/span><a href=\"https:\/\/enpecom.ufpr.br\/wp-content\/uploads\/2025\/08\/MODELOPADRAO_ENPECOM_RESUMO-EXPANDIDO-IC-EXTENSAO_2025.docx\" target=\"_blank\" rel=\"noreferrer noopener\"><span style=\"font-weight: 400;\">Clique aqui para baixar o template.<\/span><\/a><\/p>\n\n\n\n<p style=\"font-size:14px\"><\/p>\n\n\n\n<hr class=\"wp-block-separator has-alpha-channel-opacity\"\/>\n\n\n\n<p class=\"has-text-align-center has-medium-font-size\"><b>REGRAS DE SUBMISS\u00c3O DO RESUMO EXPANDIDO (Vers\u00e3o IC e Extens\u00e3o)<\/b><\/p>\n\n\n\n<p><span style=\"font-weight: 400;\">As propostas de trabalhos devem ser enviadas via e-mail at\u00e9 o dia <\/span><b>22 de setembro de 2025 <\/b><span style=\"font-weight: 400;\">pelo Formul\u00e1rio:<\/span><\/p>\n\n\n\n<div class=\"wp-block-buttons is-content-justification-center is-layout-flex wp-container-core-buttons-layout-1 wp-block-buttons-is-layout-flex\">\n<div class=\"wp-block-button\"><a class=\"wp-block-button__link has-luminous-vivid-amber-background-color has-text-color has-background has-link-color has-text-align-center wp-element-button\" href=\"https:\/\/docs.google.com\/forms\/d\/e\/1FAIpQLSfSIbpEpJOcaG0tyKiE8QFa0uJURLfPXwe_NEj3v5pP3CAUPw\/viewform\" style=\"color:#00588c\"><strong>CLIQUE AQUI<\/strong><\/a><\/div>\n<\/div>\n\n\n\n<p><span style=\"font-weight: 400;\">\u00c9 obrigat\u00f3rio utilizar o formato a seguir:<\/span><\/p>\n\n\n\n<p>a)<span style=\"font-weight: 400;\"> Os envios para as sess\u00f5es de IC e Extens\u00e3o devem ter os arquivos nomeados conforme os exemplos: IC-MariaOliveira ou EXTENS\u00c3O-AlineGon\u00e7alves<\/span><\/p>\n\n\n\n<p>b) <span style=\"font-weight: 400;\">A proposta poder\u00e1 contar com n\u00famero ilimitado de autores, por\u00e9m somente receber\u00e3o certificado de apresenta\u00e7\u00e3o aqueles que participarem da apresenta\u00e7\u00e3o presencial.<\/span><\/p>\n\n\n\n<p><span style=\"font-weight: 400;\">c) Os resumos expandidos dever\u00e3o conter:<\/span><\/p>\n\n\n\n<p><span style=\"font-weight: 400;\">T\u00edtulo (m\u00e1ximo: 200 caracteres com espa\u00e7os)<\/span><\/p>\n\n\n\n<p><span style=\"font-weight: 400;\">Texto do resumo (m\u00e1ximo de 600 palavras, deve conter objetivos do artigo, objeto a ser analisado, abordagem metodol\u00f3gica, principais pressupostos te\u00f3ricos discutidos e resultados j\u00e1 vislumbrados)<\/span><\/p>\n\n\n\n<p><span style=\"font-weight: 400;\">Palavras-chave: (m\u00ednimo 3 e m\u00e1ximo 5)<\/span><\/p>\n\n\n\n<p><span style=\"font-weight: 400;\">Refer\u00eancias (se houver, at\u00e9 5 linhas)<\/span><\/p>\n\n\n\n<p>d) <span style=\"font-weight: 400;\">\u00c9 obrigat\u00f3rio o uso do <\/span><i><span style=\"font-weight: 400;\">template <\/span><\/i><span style=\"font-weight: 400;\">para envio de propostas \u2013&nbsp; <\/span><a href=\"https:\/\/enpecom.ufpr.br\/wp-content\/uploads\/2025\/08\/MODELOPADRAO_ENPECOM_RESUMO-EXPANDIDO-IC-EXTENSAO_2025.docx\"><span style=\"font-weight: 400;\">Clique aqui para baixar o template<\/span><\/a><span style=\"font-weight: 400;\">.<\/span><\/p>\n\n\n\n<p>e) <span style=\"font-weight: 400;\">Resumos apresentados fora das normas de submiss\u00e3o n\u00e3o ser\u00e3o aceitos<\/span>.<\/p>\n\n\n\n<p><\/p>\n\n\n\n<hr class=\"wp-block-separator has-alpha-channel-opacity\"\/>\n\n\n\n<p class=\"has-text-align-center has-medium-font-size\"><b>NORMAS PARA SUBMISS\u00c3O DO TRABALHO COMPLETO (Vers\u00e3o IC e Extens\u00e3o)<\/b><\/p>\n\n\n\n<p><span style=\"font-weight: 400;\">Os trabalhos completos, depois de aprovado o resumo expandido, devem ser enviados pelo formul\u00e1rio abaixo, seguindo as regras:<\/span><\/p>\n\n\n\n<div class=\"wp-block-buttons is-content-justification-center is-layout-flex wp-container-core-buttons-layout-2 wp-block-buttons-is-layout-flex\">\n<div class=\"wp-block-button\"><a class=\"wp-block-button__link has-luminous-vivid-amber-background-color has-text-color has-background has-link-color has-text-align-center wp-element-button\" href=\"https:\/\/docs.google.com\/forms\/d\/e\/1FAIpQLSfoTK0q5wM_F6oy3ezLB1oIdyj5IHKnwZjVqJbDxVD51o_Ndg\/viewform\" style=\"color:#00588c\" target=\"_blank\" rel=\"noreferrer noopener\"><strong>CLIQUE AQUI<\/strong><\/a><\/div>\n<\/div>\n\n\n\n<p>a) <span style=\"font-weight: 400;\">Os envios para as sess\u00f5es de IC e Extens\u00e3o devem ter os arquivos nomeados conforme os exemplos: IC-MariaOliveira ou EXTENS\u00c3O-AlineGon\u00e7alves<\/span><\/p>\n\n\n\n<p>b) <span style=\"font-weight: 400;\">Os trabalhos enviados dever\u00e3o ter:<\/span><\/p>\n\n\n\n<p><span style=\"font-weight: 400;\">T\u00edtulo (m\u00e1ximo: 200 caracteres com espa\u00e7os)<\/span><\/p>\n\n\n\n<p><span style=\"font-weight: 400;\">Texto do resumo (Entre 150 e 250 palavras, deve conter objetivos do artigo, objeto a ser analisado, abordagem metodol\u00f3gica, principais pressupostos te\u00f3ricos discutidos e resultados j\u00e1 vislumbrados)<\/span><\/p>\n\n\n\n<p><span style=\"font-weight: 400;\">Palavras-chave: (m\u00ednimo 3 e m\u00e1ximo 5)<\/span><\/p>\n\n\n\n<p><span style=\"font-weight: 400;\">Texto do artigo com entre 15 e 20 mil caracteres, contando as refer\u00eancias bibliogr\u00e1ficas, o resumo e notas de rodap\u00e9.<\/span><\/p>\n\n\n\n<p>c) <span style=\"font-weight: 400;\">\u00c9 obrigat\u00f3rio o uso do <\/span><i><span style=\"font-weight: 400;\">template <\/span><\/i><span style=\"font-weight: 400;\">do evento \u2013 <\/span><a href=\"https:\/\/enpecom.ufpr.br\/wp-content\/uploads\/2025\/08\/MODELOPADRAO_ENPECOM_TRABALHO-COMPLETO-IC-EXTENSAO_2025.docx\" target=\"_blank\" rel=\"noreferrer noopener\"><span style=\"font-weight: 400;\">Clique aqui para baixar o template<\/span><\/a><span style=\"font-weight: 400;\">.<\/span><\/p>\n\n\n\n<p>d) <span style=\"font-weight: 400;\">Trabalhos apresentados fora das normas de submiss\u00e3o n\u00e3o ser\u00e3o aceitos.<\/span><\/p>\n","protected":false},"excerpt":{"rendered":"<p>REGRAS PARA SUBMISS\u00c3O DE TRABALHOS DE IC E EXTENS\u00c3O (Trabalhos de inicia\u00e7\u00e3o cient\u00edfica, TCCs e pesquisasrealizadas nos grupos de pesquisa ou alinhadas aos projetos de extens\u00e3o) Nesta 13\u00aa edi\u00e7\u00e3o do &#8230;<\/p>\n","protected":false},"author":2,"featured_media":0,"parent":0,"menu_order":0,"comment_status":"closed","ping_status":"closed","template":"","meta":{"footnotes":""},"_links":{"self":[{"href":"https:\/\/enpecom.ufpr.br\/index.php\/wp-json\/wp\/v2\/pages\/599"}],"collection":[{"href":"https:\/\/enpecom.ufpr.br\/index.php\/wp-json\/wp\/v2\/pages"}],"about":[{"href":"https:\/\/enpecom.ufpr.br\/index.php\/wp-json\/wp\/v2\/types\/page"}],"author":[{"embeddable":true,"href":"https:\/\/enpecom.ufpr.br\/index.php\/wp-json\/wp\/v2\/users\/2"}],"replies":[{"embeddable":true,"href":"https:\/\/enpecom.ufpr.br\/index.php\/wp-json\/wp\/v2\/comments?post=599"}],"version-history":[{"count":34,"href":"https:\/\/enpecom.ufpr.br\/index.php\/wp-json\/wp\/v2\/pages\/599\/revisions"}],"predecessor-version":[{"id":1497,"href":"https:\/\/enpecom.ufpr.br\/index.php\/wp-json\/wp\/v2\/pages\/599\/revisions\/1497"}],"wp:attachment":[{"href":"https:\/\/enpecom.ufpr.br\/index.php\/wp-json\/wp\/v2\/media?parent=599"}],"curies":[{"name":"wp","href":"https:\/\/api.w.org\/{rel}","templated":true}]}}