{"id":607,"date":"2019-11-25T16:56:29","date_gmt":"2019-11-25T19:56:29","guid":{"rendered":"https:\/\/enpecom.ufpr.br\/?page_id=607"},"modified":"2025-08-08T12:10:19","modified_gmt":"2025-08-08T15:10:19","slug":"comissao-organizadora","status":"publish","type":"page","link":"https:\/\/enpecom.ufpr.br\/index.php\/comissao-organizadora\/","title":{"rendered":"Comiss\u00e3o Organizadora"},"content":{"rendered":"\n<p class=\"has-medium-font-size\"><strong>Comiss\u00e3o Organizadora<\/strong><\/p>\n\n\n\n<p><strong>Docentes<\/strong><\/p>\n\n\n\n<p>Prof. Dr. Jo\u00e3o Damasceno Martins Ladeira (UFPR) \u2013 Coordenador Geral<\/p>\n\n\n\n<p><strong>Discentes<\/strong><\/p>\n\n\n\n<p>Angelo Eduardo Rocha \u2013 doutorando<\/p>\n\n\n\n<p>Leonardo Jos\u00e9 Costa \u2013 doutorando<\/p>\n\n\n\n<p>Andr\u00e9 Luiz Justus Czovny &#8211; doutorando<\/p>\n\n\n\n<p>Nayra Gazafi de Moraes &#8211; mestranda<\/p>\n\n\n\n<p>Arthur H. Monteiro Silva &#8211; doutorando<\/p>\n\n\n\n<hr class=\"wp-block-separator has-alpha-channel-opacity\"\/>\n\n\n\n<p class=\"has-medium-font-size\"><strong>Comiss\u00e3o cient\u00edfica<\/strong><\/p>\n\n\n\n<p><strong>Docentes<\/strong><\/p>\n\n\n\n<p>Profa. Dra. Andressa Butture Kniess<\/p>\n\n\n\n<p>Profa. Dra. Naiza Comel<\/p>\n\n\n\n<p>Prof. Dra. Luciana Panke<\/p>\n\n\n\n<p>Prof. Dra. Kelly Prudencio<\/p>\n\n\n\n<p>Prof. Dr. Nilton Kleina<\/p>\n\n\n\n<p>Prof. Dra Regiane Ribeiro<\/p>\n\n\n\n<p>Profa. Dra. Myrian Del Vecchio de Lima<\/p>\n\n\n\n<p>Prof. Dr. Hendryo Anderson Andr\u00e9<\/p>\n\n\n\n<p>Prof. Dr. Jo\u00e3o Martins Ladeira<\/p>\n\n\n\n<p>Prof. Dr. Marcelo Garson<\/p>\n\n\n\n<p>Prof. Dr. Hertz Wendell de Camargo<\/p>\n\n\n\n<p>Profa. Dra.\u00a0 Valqu\u00edria John<\/p>\n\n\n\n<p>Prof. Dr. Jos\u00e9 Carlos Fernandes<\/p>\n\n\n\n<p><\/p>\n\n\n\n<p><strong>Discentes<\/strong><\/p>\n\n\n\n<p>Andr\u00e9 Luiz Justus Czovny \u2013 doutorando<\/p>\n\n\n\n<p>Angelo Eduardo Rocha \u2013 doutorando<\/p>\n\n\n\n<p>Arthur Monteiro &#8211; doutorado<\/p>\n\n\n\n<p>Daniel Kei Namise \u2013 doutorando<\/p>\n\n\n\n<p>Josiany Fiedler Vieira &#8211; doutorando<\/p>\n\n\n\n<p>Leonardo Jos\u00e9 Costa \u2013 doutorando<\/p>\n\n\n\n<p>Nayra Gazafi de Moraes \u2013 mestranda<\/p>\n\n\n\n<hr class=\"wp-block-separator has-alpha-channel-opacity\"\/>\n\n\n\n<p class=\"has-medium-font-size\"><strong>Comiss\u00e3o T\u00e9cnica respons\u00e1vel pelo site<\/strong><\/p>\n\n\n\n<p>Prof. Dr. Jo\u00e3o Damasceno Martins Ladeira (UFPR) \u2013 Coordenador Geral<\/p>\n\n\n\n<p>Angelo Eduardo Rocha \u2013 doutorando<\/p>\n\n\n\n<p>Daniel Kei Namise \u2013 doutorando<\/p>\n","protected":false},"excerpt":{"rendered":"<p>Comiss\u00e3o Organizadora Docentes Prof. Dr. Jo\u00e3o Damasceno Martins Ladeira (UFPR) \u2013 Coordenador Geral Discentes Angelo Eduardo Rocha \u2013 doutorando Leonardo Jos\u00e9 Costa \u2013 doutorando Andr\u00e9 Luiz Justus Czovny &#8211; doutorando &#8230;<\/p>\n","protected":false},"author":2,"featured_media":0,"parent":0,"menu_order":0,"comment_status":"closed","ping_status":"closed","template":"","meta":{"footnotes":""},"_links":{"self":[{"href":"https:\/\/enpecom.ufpr.br\/index.php\/wp-json\/wp\/v2\/pages\/607"}],"collection":[{"href":"https:\/\/enpecom.ufpr.br\/index.php\/wp-json\/wp\/v2\/pages"}],"about":[{"href":"https:\/\/enpecom.ufpr.br\/index.php\/wp-json\/wp\/v2\/types\/page"}],"author":[{"embeddable":true,"href":"https:\/\/enpecom.ufpr.br\/index.php\/wp-json\/wp\/v2\/users\/2"}],"replies":[{"embeddable":true,"href":"https:\/\/enpecom.ufpr.br\/index.php\/wp-json\/wp\/v2\/comments?post=607"}],"version-history":[{"count":19,"href":"https:\/\/enpecom.ufpr.br\/index.php\/wp-json\/wp\/v2\/pages\/607\/revisions"}],"predecessor-version":[{"id":1402,"href":"https:\/\/enpecom.ufpr.br\/index.php\/wp-json\/wp\/v2\/pages\/607\/revisions\/1402"}],"wp:attachment":[{"href":"https:\/\/enpecom.ufpr.br\/index.php\/wp-json\/wp\/v2\/media?parent=607"}],"curies":[{"name":"wp","href":"https:\/\/api.w.org\/{rel}","templated":true}]}}