{"id":989,"date":"2023-07-28T19:09:23","date_gmt":"2023-07-28T22:09:23","guid":{"rendered":"https:\/\/enpecom.ufpr.br\/?page_id=989"},"modified":"2025-12-09T19:21:07","modified_gmt":"2025-12-09T22:21:07","slug":"anais","status":"publish","type":"page","link":"https:\/\/enpecom.ufpr.br\/index.php\/anais\/","title":{"rendered":"Anais"},"content":{"rendered":"<p>ENPECOM: Anais das edi\u00e7\u00f5es anteriores<\/p>\n<div id=\"descrip\">\n<p>Os anais do\u00a0V ENPECOM (2013)\u00a0est\u00e3o dispon\u00edveis\u00a0<a title=\"ANAIS DO V ENPECOM\" href=\"https:\/\/enpecom.ufpr.br\/wp-content\/uploads\/2014\/06\/ANAIS-V-ENPECOM.pdf\">aqui<\/a>\u00a0(ISSN 2318-8588).<\/p>\n<p>Os anais do\u00a0VI ENPECOM (2014)\u00a0est\u00e3o dispon\u00edveis\u00a0<a href=\"https:\/\/enpecom.ufpr.br\/wp-content\/uploads\/2014\/12\/ANAIS-COMPLETO.compressed-1.pdf\">aqui<\/a>\u00a0(ISSN 2318-8588). Acesse\u00a0<a title=\"LOGIN\" href=\"https:\/\/enpecom.ufpr.br\/inscritos\/\" target=\"_blank\" rel=\"noopener\">aqui<\/a>\u00a0para obter os certificados.<\/p>\n<p>Os anais do\u00a0VII ENPECOM (2015)\u00a0est\u00e3o dispon\u00edveis\u00a0<a href=\"https:\/\/enpecom.ufpr.br\/arquivos-2015\/ANAIS_VII_ENPECOM.pdf\">aqui<\/a>\u00a0(ISSN 2318-8588). Acesse\u00a0<a href=\"https:\/\/enpecom.ufpr.br\/inscricao\/index.php?menu=login\">aqui<\/a>\u00a0para obter os certificados.<\/p>\n<p>Os anais do\u00a0VIII ENPECOM (2016)\u00a0est\u00e3o dispon\u00edveis\u00a0<a href=\"https:\/\/enpecom.ufpr.br\/anais\/2016\/anais_2016.pdf\">aqui<\/a>\u00a0(ISSN 2318-8588).<\/p>\n<p>Os anais do\u00a0IX ENPECOM (2017)\u00a0est\u00e3o dispon\u00edveis\u00a0<a href=\"https:\/\/enpecom.ufpr.br\/anais\/2017\/anais_2017.pdf\">aqui<\/a>\u00a0(ISBN: 978-85-62592-38-6).<\/p>\n<p>Os anais do\u00a0X ENPECOM (2018)\u00a0est\u00e3o dispon\u00edveis\u00a0<a href=\"https:\/\/enpecom.ufpr.br\/anais\/2018\/anais_2018.pdf\">aqui<\/a>\u00a0(ISBN: 2318-8588).<\/p>\n<p>Os anais do XI ENPECOM (2021) est\u00e3o dispon\u00edveis <a href=\"https:\/\/enpecom.ufpr.br\/index.php\/anais-xi-enpecom\/\" target=\"_blank\" rel=\"noopener\">aqui<\/a> (ISSN: 2318-8588).<\/p>\n<p>Os anais do XII ENPECOM (2023) est\u00e3o dispon\u00edveis <a href=\"https:\/\/enpecom.ufpr.br\/?page_id=1251\" target=\"_blank\" rel=\"noopener\">aqui<\/a> (ISSN: 2318-8588)<\/p>\n<\/div>\n<p>Os anais do XIII ENPECOM (2025) est\u00e3o dispon\u00edveis <a href=\"https:\/\/enpecom.ufpr.br\/index.php\/anais-2025\/\" target=\"_blank\" rel=\"noopener\">aqui<\/a> (ISSN: 2318-8588)<\/p>\n<div id=\"descrip\">\n<p>Mais informa\u00e7\u00f5es atrav\u00e9s do\u00a0e-mail:\u00a0enpecomufpr@gmail.com ou pelo telefone: +55 41 3313-2005<\/p>\n<p>Organiza\u00e7\u00e3o: Programa de P\u00f3s-Gradua\u00e7\u00e3o em Comunica\u00e7\u00e3o da UFPR &#8211; Campus Juvev\u00ea, Rua Bom Jesus, 650, sala 3 Juvev\u00ea, Curitiba, Paran\u00e1.<\/p>\n<\/div>\n","protected":false},"excerpt":{"rendered":"<p>ENPECOM: Anais das edi\u00e7\u00f5es anteriores Os anais do\u00a0V ENPECOM (2013)\u00a0est\u00e3o dispon\u00edveis\u00a0aqui\u00a0(ISSN 2318-8588). Os anais do\u00a0VI ENPECOM (2014)\u00a0est\u00e3o dispon\u00edveis\u00a0aqui\u00a0(ISSN 2318-8588). Acesse\u00a0aqui\u00a0para obter os certificados. Os anais do\u00a0VII ENPECOM (2015)\u00a0est\u00e3o dispon\u00edveis\u00a0aqui\u00a0(ISSN 2318-8588). &#8230;<\/p>\n","protected":false},"author":2754,"featured_media":0,"parent":0,"menu_order":0,"comment_status":"closed","ping_status":"closed","template":"","meta":{"footnotes":""},"_links":{"self":[{"href":"https:\/\/enpecom.ufpr.br\/index.php\/wp-json\/wp\/v2\/pages\/989"}],"collection":[{"href":"https:\/\/enpecom.ufpr.br\/index.php\/wp-json\/wp\/v2\/pages"}],"about":[{"href":"https:\/\/enpecom.ufpr.br\/index.php\/wp-json\/wp\/v2\/types\/page"}],"author":[{"embeddable":true,"href":"https:\/\/enpecom.ufpr.br\/index.php\/wp-json\/wp\/v2\/users\/2754"}],"replies":[{"embeddable":true,"href":"https:\/\/enpecom.ufpr.br\/index.php\/wp-json\/wp\/v2\/comments?post=989"}],"version-history":[{"count":9,"href":"https:\/\/enpecom.ufpr.br\/index.php\/wp-json\/wp\/v2\/pages\/989\/revisions"}],"predecessor-version":[{"id":1512,"href":"https:\/\/enpecom.ufpr.br\/index.php\/wp-json\/wp\/v2\/pages\/989\/revisions\/1512"}],"wp:attachment":[{"href":"https:\/\/enpecom.ufpr.br\/index.php\/wp-json\/wp\/v2\/media?parent=989"}],"curies":[{"name":"wp","href":"https:\/\/api.w.org\/{rel}","templated":true}]}}